{"id":864,"date":"2020-10-13T06:54:22","date_gmt":"2020-10-13T06:54:22","guid":{"rendered":"http:\/\/wordpress.iqonic.design\/kivicare\/?page_id=864"},"modified":"2025-03-17T16:45:36","modified_gmt":"2025-03-17T21:45:36","slug":"oncologist","status":"publish","type":"page","link":"https:\/\/megavip.club\/es\/oncologist\/","title":{"rendered":"Onc\u00f3logo"},"content":{"rendered":"<div data-elementor-type=\"wp-page\" data-elementor-id=\"864\" class=\"elementor elementor-864\">\n\t\t\t\t\t\t<div class=\"elementor-section elementor-top-section elementor-element elementor-element-13f2c194 elementor-reverse-tablet elementor-reverse-mobile_extra elementor-reverse-mobile elementor-section-boxed elementor-section-height-default elementor-section-height-default\" data-id=\"13f2c194\" data-element_type=\"section\">\n\t\t\t\t\t\t<div class=\"elementor-container elementor-column-gap-default\">\n\t\t\t\t\t<div class=\"elementor-column elementor-col-50 elementor-top-column elementor-element elementor-element-2446f785 layouts-column-align-inherit layouts-section-position-none\" data-id=\"2446f785\" data-element_type=\"column\" data-settings=\"{&quot;background_background&quot;:&quot;classic&quot;}\">\n\t\t\t<div class=\"elementor-widget-wrap elementor-element-populated\">\n\t\t\t\t\t\t<div class=\"hf-elementor-layout elementor-element elementor-element-56ee9812 elementor-widget elementor-widget-sidebar\" data-id=\"56ee9812\" data-element_type=\"widget\" data-widget_type=\"sidebar.default\">\n\t\t\t\t<div class=\"elementor-widget-container\">\n\t\t\t\t\t         <div class=\"iq-main-departments\">  <div id=\"iq-menu-departments\" class=\"kivi-departments-menu\"><ul id=\"departments-menu\" class=\"navbar-nav ml-auto\"><li id=\"menu-item-39115\" class=\"menu-item menu-item-type-custom menu-item-object-custom menu-item-39115\"><a href=\"https:\/\/megavip.club\/es\/\">Hogar<\/a><\/li>\n<li id=\"menu-item-39120\" class=\"menu-item menu-item-type-post_type menu-item-object-page menu-item-39120\"><a href=\"https:\/\/megavip.club\/es\/service-2-3\/\">Servicios<\/a><\/li>\n<li id=\"menu-item-39101\" class=\"menu-item menu-item-type-post_type menu-item-object-page menu-item-39101\"><a href=\"https:\/\/megavip.club\/es\/pricing-plan\/\">Suscripciones<\/a><\/li>\n<li id=\"menu-item-39125\" class=\"menu-item menu-item-type-post_type menu-item-object-page menu-item-39125\"><a href=\"https:\/\/megavip.club\/es\/shop\/\">Comercio<\/a><\/li>\n<li id=\"menu-item-39100\" class=\"menu-item menu-item-type-post_type menu-item-object-page menu-item-39100\"><a href=\"https:\/\/megavip.club\/es\/contact-us\/\">Cont\u00e1ctenos<\/a><\/li>\n<\/ul><\/div> \t\t<\/div>\t \t\t\t\t<\/div>\n\t\t\t\t<\/div>\n\t\t\t\t<section class=\"elementor-section elementor-inner-section elementor-element elementor-element-576b9006 elementor-section-boxed elementor-section-height-default elementor-section-height-default\" data-id=\"576b9006\" data-element_type=\"section\" data-settings=\"{&quot;background_background&quot;:&quot;classic&quot;}\">\n\t\t\t\t\t\t\t<div class=\"elementor-background-overlay\"><\/div>\n\t\t\t\t\t\t\t<div class=\"elementor-container elementor-column-gap-default\">\n\t\t\t\t\t<div class=\"elementor-column elementor-col-100 elementor-inner-column elementor-element elementor-element-3f410247 layouts-column-align-inherit layouts-section-position-none\" data-id=\"3f410247\" data-element_type=\"column\">\n\t\t\t<div class=\"elementor-widget-wrap elementor-element-populated\">\n\t\t\t\t\t\t<div class=\"hf-elementor-layout elementor-element elementor-element-3abe626a elementor-widget__width-auto elementor-view-default elementor-widget elementor-widget-icon\" data-id=\"3abe626a\" data-element_type=\"widget\" data-widget_type=\"icon.default\">\n\t\t\t\t<div class=\"elementor-widget-container\">\n\t\t\t\t\t\t\t<div class=\"elementor-icon-wrapper\">\n\t\t\t<div class=\"elementor-icon elementor-animation-pulse\">\n\t\t\t<i aria-hidden=\"true\" class=\"ion ion-ios-time-outline\"><\/i>\t\t\t<\/div>\n\t\t<\/div>\n\t\t\t\t\t\t<\/div>\n\t\t\t\t<\/div>\n\t\t\t\t<div class=\"hf-elementor-layout elementor-element elementor-element-455753bc elementor-widget elementor-widget-section_title\" data-id=\"455753bc\" data-element_type=\"widget\" data-widget_type=\"section_title.default\">\n\t\t\t\t<div class=\"elementor-widget-container\">\n\t\t\t\t\t\t<div class=\"iq-title-box iq-title-box-1 iq-befor-line\">\n\t\t<div class=\"iq-title-icon\">\n\t\t\t\t\t<\/div>\n\t\t\n\t\t<h4 class=\"iq-title iq-heading-title\">\n\t\t\tHorario de apertura\t\t<\/h4>\n\t\t\t<\/div>\n\t\t\t\t<\/div>\n\t\t\t\t<\/div>\n\t\t\t\t<div class=\"hf-elementor-layout elementor-element elementor-element-400bf993 elementor-widget elementor-widget-text-editor\" data-id=\"400bf993\" data-element_type=\"widget\" data-widget_type=\"text-editor.default\">\n\t\t\t\t<div class=\"elementor-widget-container\">\n\t\t\t\t\t\t\t\t\t<div style=\"display: flex; flex-wrap:wrap; justify-content:space-between;\"><span>Lunes \u2013 Viernes<\/span> 6.00 \u2013 7:00 pm<\/div>\n\t\t\t\t\t\t\t\t<\/div>\n\t\t\t\t<\/div>\n\t\t\t\t<div class=\"hf-elementor-layout elementor-element elementor-element-61a6af8a elementor-widget elementor-widget-text-editor\" data-id=\"61a6af8a\" data-element_type=\"widget\" data-widget_type=\"text-editor.default\">\n\t\t\t\t<div class=\"elementor-widget-container\">\n\t\t\t\t\t\t\t\t\t<div style=\"display: flex; flex-wrap: wrap; justify-content: space-between;\"><span>S\u00e1bado<\/span> 9.00 \u2013 8.00 pm<\/div>\t\t\t\t\t\t\t\t<\/div>\n\t\t\t\t<\/div>\n\t\t\t\t<div class=\"hf-elementor-layout elementor-element elementor-element-4f2a943 elementor-widget elementor-widget-text-editor\" data-id=\"4f2a943\" data-element_type=\"widget\" data-widget_type=\"text-editor.default\">\n\t\t\t\t<div class=\"elementor-widget-container\">\n\t\t\t\t\t\t\t\t\t<div style=\"display: flex; flex-wrap: wrap; justify-content: space-between;\"><span>Domingo<\/span> 22.00 \u2013 21.00 horas<\/div>\t\t\t\t\t\t\t\t<\/div>\n\t\t\t\t<\/div>\n\t\t\t\t\t<\/div>\n\t\t<\/div>\n\t\t\t\t\t<\/div>\n\t\t<\/section>\n\t\t\t\t<section class=\"elementor-section elementor-inner-section elementor-element elementor-element-3ba311d elementor-section-boxed elementor-section-height-default elementor-section-height-default\" data-id=\"3ba311d\" data-element_type=\"section\" data-settings=\"{&quot;background_background&quot;:&quot;classic&quot;}\">\n\t\t\t\t\t\t\t<div class=\"elementor-background-overlay\"><\/div>\n\t\t\t\t\t\t\t<div class=\"elementor-container elementor-column-gap-default\">\n\t\t\t\t\t<div class=\"elementor-column elementor-col-100 elementor-inner-column elementor-element elementor-element-2b43b2b layouts-column-align-inherit layouts-section-position-none\" data-id=\"2b43b2b\" data-element_type=\"column\">\n\t\t\t<div class=\"elementor-widget-wrap elementor-element-populated\">\n\t\t\t\t\t\t<div class=\"hf-elementor-layout elementor-element elementor-element-d603ef8 elementor-widget__width-auto elementor-widget elementor-widget-image\" data-id=\"d603ef8\" data-element_type=\"widget\" data-widget_type=\"image.default\">\n\t\t\t\t<div class=\"elementor-widget-container\">\n\t\t\t\t\t\t\t\t\t\t\t\t\t\t\t<img decoding=\"async\" src=\"https:\/\/megavip.club\/wp-content\/uploads\/elementor\/thumbs\/Logo-kivicarej2-1-r30ejtlkwx9kgfasq3vowd6nv2llhzwroewclvafjw.png\" title=\"Logotipo-kivicarej2\" alt=\"Logotipo-kivicarej2\" loading=\"lazy\" \/>\t\t\t\t\t\t\t\t\t\t\t\t\t\t\t<\/div>\n\t\t\t\t<\/div>\n\t\t\t\t<div class=\"hf-elementor-layout elementor-element elementor-element-5c8a2b4 elementor-widget elementor-widget-section_title\" data-id=\"5c8a2b4\" data-element_type=\"widget\" data-widget_type=\"section_title.default\">\n\t\t\t\t<div class=\"elementor-widget-container\">\n\t\t\t\t\t\t<div class=\"iq-title-box iq-title-box-1 iq-befor-line\">\n\t\t<div class=\"iq-title-icon\">\n\t\t\t\t\t<\/div>\n\t\t\n\t\t<h4 class=\"iq-title iq-heading-title\">\n\t\t\tServicios Kivicare\t\t<\/h4>\n\t\t<p class=\"iq-title-desc\"><b>Llamar<\/b> : +123456789<br>\n<b>Correo<\/b> : soporte@ejemplo.com<br>\n<b>DIRECCI\u00d3N <\/b>:1234 North Avenue Luke Lane, South Bend, IN 360001<\/p>\t<\/div>\n\t\t\t\t<\/div>\n\t\t\t\t<\/div>\n\t\t\t\t<div class=\"hf-elementor-layout elementor-element elementor-element-7ef0efe elementor-shape-square elementor-grid-0 elementor-widget elementor-widget-social-icons\" data-id=\"7ef0efe\" data-element_type=\"widget\" data-widget_type=\"social-icons.default\">\n\t\t\t\t<div class=\"elementor-widget-container\">\n\t\t\t\t\t\t\t<div class=\"elementor-social-icons-wrapper elementor-grid\" role=\"list\">\n\t\t\t\t\t\t\t<span class=\"elementor-grid-item\" role=\"listitem\">\n\t\t\t\t\t<a class=\"elementor-icon elementor-social-icon elementor-social-icon-facebook elementor-repeater-item-6aced08\" href=\"https:\/\/www.facebook.com\/\" target=\"_blank\">\n\t\t\t\t\t\t<span class=\"elementor-screen-only\">Facebook<\/span>\n\t\t\t\t\t\t<i aria-hidden=\"true\" class=\"fab fa-facebook\"><\/i>\t\t\t\t\t<\/a>\n\t\t\t\t<\/span>\n\t\t\t\t\t\t\t<span class=\"elementor-grid-item\" role=\"listitem\">\n\t\t\t\t\t<a class=\"elementor-icon elementor-social-icon elementor-social-icon-x-twitter elementor-repeater-item-0019d33\" href=\"https:\/\/twitter.com\/\" target=\"_blank\">\n\t\t\t\t\t\t<span class=\"elementor-screen-only\">X-twitter<\/span>\n\t\t\t\t\t\t<i aria-hidden=\"true\" class=\"fab fa-x-twitter\"><\/i>\t\t\t\t\t<\/a>\n\t\t\t\t<\/span>\n\t\t\t\t\t\t\t<span class=\"elementor-grid-item\" role=\"listitem\">\n\t\t\t\t\t<a class=\"elementor-icon elementor-social-icon elementor-social-icon-youtube elementor-repeater-item-3e7730a\" href=\"https:\/\/www.youtube.com\/\" target=\"_blank\">\n\t\t\t\t\t\t<span class=\"elementor-screen-only\">YouTube<\/span>\n\t\t\t\t\t\t<i aria-hidden=\"true\" class=\"fab fa-youtube\"><\/i>\t\t\t\t\t<\/a>\n\t\t\t\t<\/span>\n\t\t\t\t\t\t\t<span class=\"elementor-grid-item\" role=\"listitem\">\n\t\t\t\t\t<a class=\"elementor-icon elementor-social-icon elementor-social-icon-linkedin elementor-repeater-item-35dcbbf\" href=\"https:\/\/linked.com\/\" target=\"_blank\">\n\t\t\t\t\t\t<span class=\"elementor-screen-only\">Linkedin<\/span>\n\t\t\t\t\t\t<i aria-hidden=\"true\" class=\"fab fa-linkedin\"><\/i>\t\t\t\t\t<\/a>\n\t\t\t\t<\/span>\n\t\t\t\t\t<\/div>\n\t\t\t\t\t\t<\/div>\n\t\t\t\t<\/div>\n\t\t\t\t\t<\/div>\n\t\t<\/div>\n\t\t\t\t\t<\/div>\n\t\t<\/section>\n\t\t\t\t\t<\/div>\n\t\t<\/div>\n\t\t\t\t<div class=\"elementor-column elementor-col-50 elementor-top-column elementor-element elementor-element-76d2243c layouts-column-align-inherit layouts-section-position-none\" data-id=\"76d2243c\" data-element_type=\"column\">\n\t\t\t<div class=\"elementor-widget-wrap elementor-element-populated\">\n\t\t\t\t\t\t<div class=\"hf-elementor-layout elementor-element elementor-element-6ed0766c elementor-absolute elementor-widget elementor-widget-iqonic_popup_video\" data-id=\"6ed0766c\" data-element_type=\"widget\" data-settings=\"{&quot;_position&quot;:&quot;absolute&quot;}\" data-widget_type=\"iqonic_popup_video.default\">\n\t\t\t\t<div class=\"elementor-widget-container\">\n\t\t\t\t\t\n<div class=\"iq-popup-video\">\n\t<div class=\"iq-video-img position-relative\">\n\t\t<div class=\"iq-video-icon wow FadeIn\">\n\t\t\t<a href=\"\" class=\"iq-video popup-youtube\">\n\t\t\t\t<i aria-hidden=\"true\" class=\"ion ion-play\"><\/i>\t\t\t<\/a>\n\t\t\t<div class=\"iq-waves\">\n\t\t\t\t<div class=\"waves wave-1\"><\/div>\n\t\t\t\t<div class=\"waves wave-2\"><\/div>\n\t\t\t\t<div class=\"waves wave-3\"><\/div>\n\t\t\t<\/div>\n\t\t<\/div>\n\t<\/div>\n<\/div>\t\t\t\t<\/div>\n\t\t\t\t<\/div>\n\t\t\t\t<div class=\"hf-elementor-layout elementor-element elementor-element-62561cb5 elementor-widget elementor-widget-image\" data-id=\"62561cb5\" data-element_type=\"widget\" data-widget_type=\"image.default\">\n\t\t\t\t<div class=\"elementor-widget-container\">\n\t\t\t\t\t\t\t\t\t\t\t\t\t\t\t<img decoding=\"async\" src=\"https:\/\/megavip.club\/wp-content\/uploads\/2022\/11\/blog-13-1.jpg\" title=\"blog-13-1\" alt=\"imagen\" loading=\"lazy\" \/>\t\t\t\t\t\t\t\t\t\t\t\t\t\t\t<\/div>\n\t\t\t\t<\/div>\n\t\t\t\t<div class=\"hf-elementor-layout elementor-element elementor-element-50aa06cc elementor-widget elementor-widget-section_title\" data-id=\"50aa06cc\" data-element_type=\"widget\" data-widget_type=\"section_title.default\">\n\t\t\t\t<div class=\"elementor-widget-container\">\n\t\t\t\t\t\t<div class=\"iq-title-box iq-befor-line\">\n\t\t<div class=\"iq-title-icon\">\n\t\t\t\t\t<\/div>\n\n\t\t<span class=\"iq-subtitle\">DEPARTAMENTO<\/span>\t\t<h3 class=\"iq-title iq-heading-title\">\n\t\t\t<span class=\"right-text\">Onc\u00f3logo<\/span>\n\t\t\t<span class=\"left-text\">Tratos<\/span>\n\t\t<\/h3>\n\t\t<p class=\"iq-title-desc\">Un cardi\u00f3logo es un m\u00e9dico que se ocupa del sistema cardiovascular. Esto significa que trata cualquier anomal\u00eda en los vasos sangu\u00edneos y el coraz\u00f3n. Esto puede incluir enfermedades o afecciones card\u00edacas que requieran diagn\u00f3stico y tratamiento.<\/p>\t<\/div>\n   \t\t\t\t<\/div>\n\t\t\t\t<\/div>\n\t\t\t\t<div class=\"hf-elementor-layout elementor-element elementor-element-6d6da0e2 elementor-widget elementor-widget-iqonic_lists\" data-id=\"6d6da0e2\" data-element_type=\"widget\" data-widget_type=\"iqonic_lists.default\">\n\t\t\t\t<div class=\"elementor-widget-container\">\n\t\t\t\t\t    <div class=\"iq-list  iq-two-column\">\n        <ul class=\"iq-list-with-icon\">\n                            <li class=\"kivicare-list-all\">\n               <i aria-hidden=\"true\" class=\"ion ion-checkmark-round\"><\/i>                    Trata enfermedades menores                <\/li>\n\n                            <li class=\"kivicare-list-all\">\n               <i aria-hidden=\"true\" class=\"ion ion-checkmark-round\"><\/i>                    Responde preguntas de salud                <\/li>\n\n                            <li class=\"kivicare-list-all\">\n               <i aria-hidden=\"true\" class=\"ion ion-checkmark-round\"><\/i>                    Realiza chequeos de salud                <\/li>\n\n                            <li class=\"kivicare-list-all\">\n               <i aria-hidden=\"true\" class=\"ion ion-checkmark-round\"><\/i>                    m\u00e9dicos especialistas                 <\/li>\n\n                            <li class=\"kivicare-list-all\">\n               <i aria-hidden=\"true\" class=\"ion ion-checkmark-round\"><\/i>                    Realiza pruebas de salud de rutina                <\/li>\n\n                            <li class=\"kivicare-list-all\">\n               <i aria-hidden=\"true\" class=\"ion ion-checkmark-round\"><\/i>                    Elementos de la lista                <\/li>\n\n                    <\/ul>\n    <\/div>\n\n\t\t\t\t<\/div>\n\t\t\t\t<\/div>\n\t\t\t\t<div class=\"elementor-section elementor-inner-section elementor-element elementor-element-4263b48 elementor-section-boxed elementor-section-height-default elementor-section-height-default\" data-id=\"4263b48\" data-element_type=\"section\">\n\t\t\t\t\t\t<div class=\"elementor-container elementor-column-gap-default\">\n\t\t\t\t\t<div class=\"elementor-column elementor-col-50 elementor-inner-column elementor-element elementor-element-909b7e8 layouts-column-align-inherit layouts-section-position-none\" data-id=\"909b7e8\" data-element_type=\"column\">\n\t\t\t<div class=\"elementor-widget-wrap elementor-element-populated\">\n\t\t\t\t\t\t<div class=\"hf-elementor-layout elementor-element elementor-element-a72564c elementor-widget elementor-widget-iqonic_counter\" data-id=\"a72564c\" data-element_type=\"widget\" data-widget_type=\"iqonic_counter.default\">\n\t\t\t\t<div class=\"elementor-widget-container\">\n\t\t\t\t\t\t<div class=\"iq-counter  iq-counter-style-1\">\n\t\t\t\t<div class=\"counter-content\">\n\t\t\t<p class=\"iq-counter-info\">\n\t\t\t\t<span class=\"timer\" data-to=\"1000\" data-speed=\"5000\">\n\t\t\t\t\t1000\t\t\t\t<\/span>\n\t\t\t\t<span class=\"counter-after-content\">\n\t\t\t\t\t\t\t\t\t<\/span>\n\t\t\t\t<span class=\"counter-symbol\">\n\t\t\t\t\t+\t\t\t\t<\/span>\n\t\t\t<\/p>\n\t\t\t\t\t\t\t<h4 class=\"counter-title-text iq-heading-title\">\n\t\t\t\t\tOperaciones realizadas\t\t\t\t<\/h4>\n\t\t\t\t\t\t\t<p class=\"counter-content-text\">Lorem Ipsum es simplemente el texto de relleno de las imprentas y archivos de texto.<\/p>\n\t\t\t\t\t<\/div>\n\t<\/div>\n    \t\t\t\t<\/div>\n\t\t\t\t<\/div>\n\t\t\t\t\t<\/div>\n\t\t<\/div>\n\t\t\t\t<div class=\"elementor-column elementor-col-50 elementor-inner-column elementor-element elementor-element-0903077 layouts-column-align-inherit layouts-section-position-none\" data-id=\"0903077\" data-element_type=\"column\">\n\t\t\t<div class=\"elementor-widget-wrap elementor-element-populated\">\n\t\t\t\t\t\t<div class=\"hf-elementor-layout elementor-element elementor-element-7b31558 elementor-widget elementor-widget-iqonic_progressbar\" data-id=\"7b31558\" data-element_type=\"widget\" data-widget_type=\"iqonic_progressbar.default\">\n\t\t\t\t<div class=\"elementor-widget-container\">\n\t\t\t\t\t  <div class=\"iq-progressbar-box iq-progressbar-style-1\">\n          <div class=\"iq-progressbar-content\">\n        <span class=\"progress-title\">\n          Inmunoterapia        <\/span>\n        <span class=\"progress-value\">\n          91%        <\/span>\n        <div class=\"iq-progress-bar\">\n          <span data-percent=\"91\" class=\"show-progress\"><\/span>\n        <\/div>\n\n      <\/div>\n          <div class=\"iq-progressbar-content\">\n        <span class=\"progress-title\">\n          Terapia hormonal        <\/span>\n        <span class=\"progress-value\">\n          84%        <\/span>\n        <div class=\"iq-progress-bar\">\n          <span data-percent=\"84\" class=\"show-progress\"><\/span>\n        <\/div>\n\n      <\/div>\n          <div class=\"iq-progressbar-content\">\n        <span class=\"progress-title\">\n          Terapia farmacol\u00f3gica dirigida        <\/span>\n        <span class=\"progress-value\">\n          75%        <\/span>\n        <div class=\"iq-progress-bar\">\n          <span data-percent=\"75\" class=\"show-progress\"><\/span>\n        <\/div>\n\n      <\/div>\n      <\/div>\n\t\t\t\t<\/div>\n\t\t\t\t<\/div>\n\t\t\t\t\t<\/div>\n\t\t<\/div>\n\t\t\t\t\t<\/div>\n\t\t<\/div>\n\t\t\t\t<div class=\"hf-elementor-layout elementor-element elementor-element-40665b53 elementor-widget elementor-widget-section_title\" data-id=\"40665b53\" data-element_type=\"widget\" data-widget_type=\"section_title.default\">\n\t\t\t\t<div class=\"elementor-widget-container\">\n\t\t\t\t\t\t<div class=\"iq-title-box iq-title-box-1 iq-befor-line\">\n\t\t<div class=\"iq-title-icon\">\n\t\t\t\t\t<\/div>\n\t\t<span class=\"iq-subtitle\">Consejos e informaci\u00f3n<\/span>\n\t\t<h4 class=\"iq-title iq-heading-title\">\n\t\t\tConsejos de Kivicare para ni\u00f1os y familias saludables\t\t<\/h4>\n\t\t<p class=\"iq-title-desc\">Criar una familia no siempre es f\u00e1cil. Est\u00e1s ocupado, y tus hijos tambi\u00e9n. Hay mucho que hacer en poco tiempo. Pero hay mucho en juego. Hoy en d\u00eda, muchos ni\u00f1os tienen sobrepeso u obesidad. Un estilo de vida saludable y activo puede ayudar a mantener el peso. Tambi\u00e9n puede prevenir problemas de salud como diabetes, enfermedades card\u00edacas, asma e hipertensi\u00f3n.<\/p>\t<\/div>\n\t\t\t\t<\/div>\n\t\t\t\t<\/div>\n\t\t\t\t<div class=\"hf-elementor-layout elementor-element elementor-element-05e3f5b elementor-widget elementor-widget-iqonic_accordion\" data-id=\"05e3f5b\" data-element_type=\"widget\" data-widget_type=\"iqonic_accordion.default\">\n\t\t\t\t<div class=\"elementor-widget-container\">\n\t\t\t\t\t<div class=\"iq-accordion iq-accordion-classic\">\n  \n    <div class=\"iq-accordion-block iq-active  1\">\n      <div class=\"iq-accordion-title\">\n        <div class=\"iq-icon-right\"><i aria-hidden=\"true\" class=\"ion ion-minus-round active\"><\/i><i aria-hidden=\"true\" class=\"ion ion-plus inactive\"><\/i><\/div>\n        <h5 class=\"mb-0 accordion-title iq-heading-title\">\n          \u00bfPuedo confiar en el agua del grifo?        <\/h5>\n      <\/div>\n      <div class=\"iq-accordion-details\">\n        <p class=\"iq-content-text\"> Lorem ipsum dolor sit amet, consectetur adipiscing elit. Ut elit tellus, luctus nec ullamcorper mattis, pulvinar dapibus leo. <\/p>\n      <\/div>\n    <\/div>\n  \n    <div class=\"iq-accordion-block   2\">\n      <div class=\"iq-accordion-title\">\n        <div class=\"iq-icon-right\"><i aria-hidden=\"true\" class=\"ion ion-minus-round active\"><\/i><i aria-hidden=\"true\" class=\"ion ion-plus inactive\"><\/i><\/div>\n        <h5 class=\"mb-0 accordion-title iq-heading-title\">\n          \u00bfMi microondas me est\u00e1 causando c\u00e1ncer?         <\/h5>\n      <\/div>\n      <div class=\"iq-accordion-details\">\n        <p class=\"iq-content-text\"> Lorem ipsum dolor sit amet, consectetur adipiscing elit. Ut elit tellus, luctus nec ullamcorper mattis, pulvinar dapibus leo. <\/p>\n      <\/div>\n    <\/div>\n  \n    <div class=\"iq-accordion-block   3\">\n      <div class=\"iq-accordion-title\">\n        <div class=\"iq-icon-right\"><i aria-hidden=\"true\" class=\"ion ion-minus-round active\"><\/i><i aria-hidden=\"true\" class=\"ion ion-plus inactive\"><\/i><\/div>\n        <h5 class=\"mb-0 accordion-title iq-heading-title\">\n          \u00bfDurante cu\u00e1nto tiempo soy contagioso cuando tengo gripe o un resfriado?        <\/h5>\n      <\/div>\n      <div class=\"iq-accordion-details\">\n        <p class=\"iq-content-text\"> Lorem ipsum dolor sit amet, consectetur adipiscing elit. Ut elit tellus, luctus nec ullamcorper mattis, pulvinar dapibus leo. <\/p>\n      <\/div>\n    <\/div>\n  <\/div>\n\t\t\t\t<\/div>\n\t\t\t\t<\/div>\n\t\t\t\t\t<\/div>\n\t\t<\/div>\n\t\t\t\t\t<\/div>\n\t\t<\/div>\n\t\t\t\t<\/div>","protected":false},"excerpt":{"rendered":"<p>Opening Time Monday \u2013 Friday 6.00 \u2013 7:00 pm Saturday 9.00 \u2013 8.00 pmSunday 10.00 \u2013 9.00 pm Kivicare Services Call : +123456789 Mail : support@example.com Address : 1234 North Avenue Luke Lane, South Bend, IN 360001 Facebook X-twitter Youtube Linkedin DEPARTMENT Oncologist Treatments A cardiologist is a doctor that deals with the cardiovascular system. [&hellip;]<\/p>","protected":false},"author":1,"featured_media":0,"parent":0,"menu_order":0,"comment_status":"closed","ping_status":"closed","template":"","meta":{"_acf_changed":false,"footnotes":""},"class_list":["post-864","page","type-page","status-publish","hentry"],"acf":[],"_links":{"self":[{"href":"https:\/\/megavip.club\/es\/wp-json\/wp\/v2\/pages\/864","targetHints":{"allow":["GET"]}}],"collection":[{"href":"https:\/\/megavip.club\/es\/wp-json\/wp\/v2\/pages"}],"about":[{"href":"https:\/\/megavip.club\/es\/wp-json\/wp\/v2\/types\/page"}],"author":[{"embeddable":true,"href":"https:\/\/megavip.club\/es\/wp-json\/wp\/v2\/users\/1"}],"replies":[{"embeddable":true,"href":"https:\/\/megavip.club\/es\/wp-json\/wp\/v2\/comments?post=864"}],"version-history":[{"count":1,"href":"https:\/\/megavip.club\/es\/wp-json\/wp\/v2\/pages\/864\/revisions"}],"predecessor-version":[{"id":39056,"href":"https:\/\/megavip.club\/es\/wp-json\/wp\/v2\/pages\/864\/revisions\/39056"}],"wp:attachment":[{"href":"https:\/\/megavip.club\/es\/wp-json\/wp\/v2\/media?parent=864"}],"curies":[{"name":"wp","href":"https:\/\/api.w.org\/{rel}","templated":true}]}}