{"id":284,"date":"2020-10-07T08:21:45","date_gmt":"2020-10-07T08:21:45","guid":{"rendered":"http:\/\/wordpress.iqonic.design\/kivicare\/?page_id=284"},"modified":"2020-10-07T08:21:45","modified_gmt":"2020-10-07T08:21:45","slug":"two-column-blog","status":"publish","type":"page","link":"https:\/\/megavip.club\/es\/two-column-blog\/","title":{"rendered":"Blog de dos columnas"},"content":{"rendered":"<div data-elementor-type=\"wp-page\" data-elementor-id=\"284\" class=\"elementor elementor-284\">\n\t\t\t\t\t\t<div class=\"elementor-section elementor-top-section elementor-element elementor-element-d832b99 elementor-section-stretched elementor-section-boxed elementor-section-height-default elementor-section-height-default\" data-id=\"d832b99\" data-element_type=\"section\" data-settings=\"{&quot;stretch_section&quot;:&quot;section-stretched&quot;}\">\n\t\t\t\t\t\t<div class=\"elementor-container elementor-column-gap-default\">\n\t\t\t\t\t<div class=\"elementor-column elementor-col-100 elementor-top-column elementor-element elementor-element-e2c7976 layouts-column-align-inherit layouts-section-position-none\" data-id=\"e2c7976\" data-element_type=\"column\">\n\t\t\t<div class=\"elementor-widget-wrap elementor-element-populated\">\n\t\t\t\t\t\t<div class=\"hf-elementor-layout elementor-element elementor-element-754ee69 elementor-widget elementor-widget-Iq_Blog\" data-id=\"754ee69\" data-element_type=\"widget\" data-widget_type=\"Iq_Blog.default\">\n\t\t\t\t<div class=\"elementor-widget-container\">\n\t\t\t\t\t<div class=\"kivicare-post-styel1\">\n\t<div class=\"row\">\t\t\t\t<div class=\"col-lg-6 col-md-6\">\n\n\t\t\t\t\t\t\t\t\t\t\t<div class=\"iq-blog-box\">\n\t\t\t\t\t\t\t\t\t\t\t\t\t\t\t<div class=\"iq-blog-image\">\n\t\t\t\t\t\t\t\t\t<img decoding=\"async\" src=\"https:\/\/megavip.club\/wp-content\/uploads\/2022\/09\/blog-new-6-2-min.jpg\" alt=\"iqonic-blog\"\/>\t\t\t\t\t\t\t\t<\/div> \n\t\t\t\t\t\t\t<div class=\"iq-blog-detail\">\n\n\t\t\t\t\t\t\t\t\t\t\t\t\t\t\t\t\t<div class=\"iq-blog-cat\">\n\t\t\t\t\t\t\t\t\t\t\t\t\t\t\t\t\t\t\t\t\t<a class=\"iq-cat-name\" href=\"https:\/\/megavip.club\/es\/category\/health-care\/\">\n\t\t\t\t\t\t\t\t\t\t\t\tCuidado de la salud\t\t\t\t\t\t\t\t\t\t\t<\/a>\n\t\t\t\t\t\t\t\t\t\t\t\t\t\t\t\t\t\t\t<\/div>\n\t\t\t\t\t\t\t\t\n\t\t\t\t\t\t\t\t\t\t\t\t\t\t\t\t\t<div class=\"iq-blog-meta\">\n\t\t\t\t\t\t\t\t\t\t<ul class=\"list-inline\">\n\t\t\t\t\t\t\t\t\t\t\t<li class=\"list-inline-item\">\n\t\t\t\t\t\t\t\t\t\t\t\t<i class=\"fa fa-calendar me-2\" aria-hidden=\"true\"><\/i>\n\t\t\t\t\t\t\t\t\t\t\t\t<span class=\"screen-reader-text\">Posted on<\/span> <a href=\"https:\/\/megavip.club\/es\/2022\/09\/23\/\" rel=\"bookmark\"><time class=\"entry-date published updated\" datetime=\"2022-09-23T05:44:35-05:00\">23\/09\/2022<\/time><\/a>\t\t\t\t\t\t\t\t\t\t\t<\/li>\n\t\t\t\t\t\t\t\t\t\t\t<li class=\"list-inline-item\">\n\t\t\t\t\t\t\t\t\t\t\t\t<a href=\"https:\/\/megavip.club\/es\/author\/smartdigitalnygmail-com\/\" class=\"iq-user\">\n\t\t\t\t\t\t\t\t\t\t\t\t\t<i class=\"fas fa-user me-2\" aria-hidden=\"true\"><\/i>\n\t\t\t\t\t\t\t\t\t\t\t\t\tsmartdigitalny@gmail.com \t\t\t\t\t\t\t\t\t\t\t\t<\/a>\n\t\t\t\t\t\t\t\t\t\t\t<\/li>\n\t\t\t\t\t\t\t\t\t\t<\/ul>\n\t\t\t\t\t\t\t\t\t<\/div>\n\t\t\t\t\t\t\t\t\n\t\t\t\t\t\t\t\t<div class=\"blog-title\">\n\t\t\t\t\t\t\t\t\t<a class=\"button-link\" href=\"https:\/\/megavip.club\/es\/opd-cover-gaining-popularity-among-indian-consumers\/\">\n\t\t\t\t\t\t\t\t\t\t<h4 class=\"blog-text iq-heading-title\">\n\t\t\t\t\t\t\t\t\t\t\tLa cobertura OPD est\u00e1 ganando popularidad entre los consumidores indios\t\t\t\t\t\t\t\t\t\t<\/h4>\n\t\t\t\t\t\t\t\t\t<\/a>\n\t\t\t\t\t\t\t\t<\/div>\n\t\t\t\t\t\t\t\t<p>Puede que te d\u00e9 un momento de alivio, pero tambi\u00e9n est\u00e1s esparciendo suciedad y bacterias hacia tus ojos cuando los frotas.<\/p>\n\t\t\t\t\t\t\t\t<div class=\"iq-btn-container\">\n\n    <a class=\"iq-button iq-btn-link yes btn-icon-right\" href=\"https:\/\/megavip.club\/es\/opd-cover-gaining-popularity-among-indian-consumers\/\"   >\n        Leer m\u00e1s<i aria-hidden=\"true\" class=\"ion ion-plus\"><\/i>\n                                    <\/a>\n<\/div>\n\n\t\t\t\t\t\t\t<\/div>\n\t\t\t\t\t\t<\/div>\n\t\t\t\t\t\t\t\t\t<\/div>\n\t\t\t\t\t<div class=\"col-lg-6 col-md-6\">\n\n\t\t\t\t\t\t\t\t\t\t\t<div class=\"iq-blog-box\">\n\t\t\t\t\t\t\t\t\t\t\t\t\t\t\t<div class=\"iq-blog-image\">\n\t\t\t\t\t\t\t\t\t<img decoding=\"async\" src=\"https:\/\/megavip.club\/wp-content\/uploads\/2022\/09\/blog-new-1.jpg\" alt=\"iqonic-blog\"\/>\t\t\t\t\t\t\t\t<\/div> \n\t\t\t\t\t\t\t<div class=\"iq-blog-detail\">\n\n\t\t\t\t\t\t\t\t\t\t\t\t\t\t\t\t\t<div class=\"iq-blog-cat\">\n\t\t\t\t\t\t\t\t\t\t\t\t\t\t\t\t\t\t\t\t\t<a class=\"iq-cat-name\" href=\"https:\/\/megavip.club\/es\/category\/eye-care\/\">\n\t\t\t\t\t\t\t\t\t\t\t\tCuidado de los ojos\t\t\t\t\t\t\t\t\t\t\t<\/a>\n\t\t\t\t\t\t\t\t\t\t\t\t\t\t\t\t\t\t\t<\/div>\n\t\t\t\t\t\t\t\t\n\t\t\t\t\t\t\t\t\t\t\t\t\t\t\t\t\t<div class=\"iq-blog-meta\">\n\t\t\t\t\t\t\t\t\t\t<ul class=\"list-inline\">\n\t\t\t\t\t\t\t\t\t\t\t<li class=\"list-inline-item\">\n\t\t\t\t\t\t\t\t\t\t\t\t<i class=\"fa fa-calendar me-2\" aria-hidden=\"true\"><\/i>\n\t\t\t\t\t\t\t\t\t\t\t\t<span class=\"screen-reader-text\">Posted on<\/span> <a href=\"https:\/\/megavip.club\/es\/2022\/09\/23\/\" rel=\"bookmark\"><time class=\"entry-date published updated\" datetime=\"2022-09-23T05:34:32-05:00\">23\/09\/2022<\/time><\/a>\t\t\t\t\t\t\t\t\t\t\t<\/li>\n\t\t\t\t\t\t\t\t\t\t\t<li class=\"list-inline-item\">\n\t\t\t\t\t\t\t\t\t\t\t\t<a href=\"https:\/\/megavip.club\/es\/author\/smartdigitalnygmail-com\/\" class=\"iq-user\">\n\t\t\t\t\t\t\t\t\t\t\t\t\t<i class=\"fas fa-user me-2\" aria-hidden=\"true\"><\/i>\n\t\t\t\t\t\t\t\t\t\t\t\t\tsmartdigitalny@gmail.com \t\t\t\t\t\t\t\t\t\t\t\t<\/a>\n\t\t\t\t\t\t\t\t\t\t\t<\/li>\n\t\t\t\t\t\t\t\t\t\t<\/ul>\n\t\t\t\t\t\t\t\t\t<\/div>\n\t\t\t\t\t\t\t\t\n\t\t\t\t\t\t\t\t<div class=\"blog-title\">\n\t\t\t\t\t\t\t\t\t<a class=\"button-link\" href=\"https:\/\/megavip.club\/es\/why-is-dry-eye-so-difficult-to-treat\/\">\n\t\t\t\t\t\t\t\t\t\t<h4 class=\"blog-text iq-heading-title\">\n\t\t\t\t\t\t\t\t\t\t\t\u00bfPor qu\u00e9 es tan dif\u00edcil tratar el ojo seco?\t\t\t\t\t\t\t\t\t\t<\/h4>\n\t\t\t\t\t\t\t\t\t<\/a>\n\t\t\t\t\t\t\t\t<\/div>\n\t\t\t\t\t\t\t\t<p>Puede que te d\u00e9 un momento de alivio, pero tambi\u00e9n est\u00e1s esparciendo suciedad y bacterias hacia tus ojos cuando los frotas.<\/p>\n\t\t\t\t\t\t\t\t<div class=\"iq-btn-container\">\n\n    <a class=\"iq-button iq-btn-link yes btn-icon-right\" href=\"https:\/\/megavip.club\/es\/why-is-dry-eye-so-difficult-to-treat\/\"   >\n        Leer m\u00e1s<i aria-hidden=\"true\" class=\"ion ion-plus\"><\/i>\n                                    <\/a>\n<\/div>\n\n\t\t\t\t\t\t\t<\/div>\n\t\t\t\t\t\t<\/div>\n\t\t\t\t\t\t\t\t\t<\/div>\n\t\t\t\t\t<div class=\"col-lg-6 col-md-6\">\n\n\t\t\t\t\t\t\t\t\t\t\t<div class=\"iq-blog-box\">\n\t\t\t\t\t\t\t\t\t\t\t\t\t\t\t<div class=\"iq-blog-image\">\n\t\t\t\t\t\t\t\t\t<img decoding=\"async\" src=\"https:\/\/megavip.club\/wp-content\/uploads\/2020\/10\/b12-1.jpg\" alt=\"iqonic-blog\"\/>\t\t\t\t\t\t\t\t<\/div> \n\t\t\t\t\t\t\t<div class=\"iq-blog-detail\">\n\n\t\t\t\t\t\t\t\t\t\t\t\t\t\t\t\t\t<div class=\"iq-blog-cat\">\n\t\t\t\t\t\t\t\t\t\t\t\t\t\t\t\t\t\t\t\t\t<a class=\"iq-cat-name\" href=\"https:\/\/megavip.club\/es\/category\/eye-care\/\">\n\t\t\t\t\t\t\t\t\t\t\t\tCuidado de los ojos\t\t\t\t\t\t\t\t\t\t\t<\/a>\n\t\t\t\t\t\t\t\t\t\t\t\t\t\t\t\t\t\t\t<\/div>\n\t\t\t\t\t\t\t\t\n\t\t\t\t\t\t\t\t\t\t\t\t\t\t\t\t\t<div class=\"iq-blog-meta\">\n\t\t\t\t\t\t\t\t\t\t<ul class=\"list-inline\">\n\t\t\t\t\t\t\t\t\t\t\t<li class=\"list-inline-item\">\n\t\t\t\t\t\t\t\t\t\t\t\t<i class=\"fa fa-calendar me-2\" aria-hidden=\"true\"><\/i>\n\t\t\t\t\t\t\t\t\t\t\t\t<span class=\"screen-reader-text\">Posted on<\/span> <a href=\"https:\/\/megavip.club\/es\/2020\/10\/06\/\" rel=\"bookmark\"><time class=\"entry-date published updated\" datetime=\"2020-10-06T06:34:51-05:00\">06\/10\/2020<\/time><\/a>\t\t\t\t\t\t\t\t\t\t\t<\/li>\n\t\t\t\t\t\t\t\t\t\t\t<li class=\"list-inline-item\">\n\t\t\t\t\t\t\t\t\t\t\t\t<a href=\"https:\/\/megavip.club\/es\/author\/smartdigitalnygmail-com\/\" class=\"iq-user\">\n\t\t\t\t\t\t\t\t\t\t\t\t\t<i class=\"fas fa-user me-2\" aria-hidden=\"true\"><\/i>\n\t\t\t\t\t\t\t\t\t\t\t\t\tsmartdigitalny@gmail.com \t\t\t\t\t\t\t\t\t\t\t\t<\/a>\n\t\t\t\t\t\t\t\t\t\t\t<\/li>\n\t\t\t\t\t\t\t\t\t\t<\/ul>\n\t\t\t\t\t\t\t\t\t<\/div>\n\t\t\t\t\t\t\t\t\n\t\t\t\t\t\t\t\t<div class=\"blog-title\">\n\t\t\t\t\t\t\t\t\t<a class=\"button-link\" href=\"https:\/\/megavip.club\/es\/the-most-common-problems\/\">\n\t\t\t\t\t\t\t\t\t\t<h4 class=\"blog-text iq-heading-title\">\n\t\t\t\t\t\t\t\t\t\t\t\u00bfLos problemas m\u00e1s comunes?\t\t\t\t\t\t\t\t\t\t<\/h4>\n\t\t\t\t\t\t\t\t\t<\/a>\n\t\t\t\t\t\t\t\t<\/div>\n\t\t\t\t\t\t\t\t<p>Puede que te d\u00e9 un momento de alivio, pero tambi\u00e9n est\u00e1s esparciendo suciedad y bacterias hacia tus ojos cuando los frotas.<\/p>\n\t\t\t\t\t\t\t\t<div class=\"iq-btn-container\">\n\n    <a class=\"iq-button iq-btn-link yes btn-icon-right\" href=\"https:\/\/megavip.club\/es\/the-most-common-problems\/\"   >\n        Leer m\u00e1s<i aria-hidden=\"true\" class=\"ion ion-plus\"><\/i>\n                                    <\/a>\n<\/div>\n\n\t\t\t\t\t\t\t<\/div>\n\t\t\t\t\t\t<\/div>\n\t\t\t\t\t\t\t\t\t<\/div>\n\t\t\t\t\t<div class=\"col-lg-6 col-md-6\">\n\n\t\t\t\t\t\t\t\t\t\t\t<div class=\"iq-blog-box\">\n\t\t\t\t\t\t\t\t\t\t\t\t\t\t\t<div class=\"iq-blog-image\">\n\t\t\t\t\t\t\t\t\t<img decoding=\"async\" src=\"https:\/\/megavip.club\/wp-content\/uploads\/2020\/10\/b15-1.jpg\" alt=\"iqonic-blog\"\/>\t\t\t\t\t\t\t\t<\/div> \n\t\t\t\t\t\t\t<div class=\"iq-blog-detail\">\n\n\t\t\t\t\t\t\t\t\t\t\t\t\t\t\t\t\t<div class=\"iq-blog-cat\">\n\t\t\t\t\t\t\t\t\t\t\t\t\t\t\t\t\t\t\t\t\t<a class=\"iq-cat-name\" href=\"https:\/\/megavip.club\/es\/category\/disease\/\">\n\t\t\t\t\t\t\t\t\t\t\t\tEnfermedad\t\t\t\t\t\t\t\t\t\t\t<\/a>\n\t\t\t\t\t\t\t\t\t\t\t\t\t\t\t\t\t\t\t<\/div>\n\t\t\t\t\t\t\t\t\n\t\t\t\t\t\t\t\t\t\t\t\t\t\t\t\t\t<div class=\"iq-blog-meta\">\n\t\t\t\t\t\t\t\t\t\t<ul class=\"list-inline\">\n\t\t\t\t\t\t\t\t\t\t\t<li class=\"list-inline-item\">\n\t\t\t\t\t\t\t\t\t\t\t\t<i class=\"fa fa-calendar me-2\" aria-hidden=\"true\"><\/i>\n\t\t\t\t\t\t\t\t\t\t\t\t<span class=\"screen-reader-text\">Posted on<\/span> <a href=\"https:\/\/megavip.club\/es\/2020\/10\/06\/\" rel=\"bookmark\"><time class=\"entry-date published updated\" datetime=\"2020-10-06T06:37:40-05:00\">06\/10\/2020<\/time><\/a>\t\t\t\t\t\t\t\t\t\t\t<\/li>\n\t\t\t\t\t\t\t\t\t\t\t<li class=\"list-inline-item\">\n\t\t\t\t\t\t\t\t\t\t\t\t<a href=\"https:\/\/megavip.club\/es\/author\/smartdigitalnygmail-com\/\" class=\"iq-user\">\n\t\t\t\t\t\t\t\t\t\t\t\t\t<i class=\"fas fa-user me-2\" aria-hidden=\"true\"><\/i>\n\t\t\t\t\t\t\t\t\t\t\t\t\tsmartdigitalny@gmail.com \t\t\t\t\t\t\t\t\t\t\t\t<\/a>\n\t\t\t\t\t\t\t\t\t\t\t<\/li>\n\t\t\t\t\t\t\t\t\t\t<\/ul>\n\t\t\t\t\t\t\t\t\t<\/div>\n\t\t\t\t\t\t\t\t\n\t\t\t\t\t\t\t\t<div class=\"blog-title\">\n\t\t\t\t\t\t\t\t\t<a class=\"button-link\" href=\"https:\/\/megavip.club\/es\/will-i-need-more-medical-tests\/\">\n\t\t\t\t\t\t\t\t\t\t<h4 class=\"blog-text iq-heading-title\">\n\t\t\t\t\t\t\t\t\t\t\t\u00bfNecesitar\u00e9 m\u00e1s pruebas m\u00e9dicas?\t\t\t\t\t\t\t\t\t\t<\/h4>\n\t\t\t\t\t\t\t\t\t<\/a>\n\t\t\t\t\t\t\t\t<\/div>\n\t\t\t\t\t\t\t\t<p>Puede que te d\u00e9 un momento de alivio, pero tambi\u00e9n est\u00e1s esparciendo suciedad y bacterias hacia tus ojos cuando los frotas.<\/p>\n\t\t\t\t\t\t\t\t<div class=\"iq-btn-container\">\n\n    <a class=\"iq-button iq-btn-link yes btn-icon-right\" href=\"https:\/\/megavip.club\/es\/will-i-need-more-medical-tests\/\"   >\n        Leer m\u00e1s<i aria-hidden=\"true\" class=\"ion ion-plus\"><\/i>\n                                    <\/a>\n<\/div>\n\n\t\t\t\t\t\t\t<\/div>\n\t\t\t\t\t\t<\/div>\n\t\t\t\t\t\t\t\t\t<\/div>\n\t\t\t\t\t<div class=\"col-lg-6 col-md-6\">\n\n\t\t\t\t\t\t\t\t\t\t\t<div class=\"iq-blog-box\">\n\t\t\t\t\t\t\t\t\t\t\t\t\t\t\t<div class=\"iq-blog-image\">\n\t\t\t\t\t\t\t\t\t<img decoding=\"async\" src=\"https:\/\/megavip.club\/wp-content\/uploads\/2020\/10\/b14-1.jpg\" alt=\"iqonic-blog\"\/>\t\t\t\t\t\t\t\t<\/div> \n\t\t\t\t\t\t\t<div class=\"iq-blog-detail\">\n\n\t\t\t\t\t\t\t\t\t\t\t\t\t\t\t\t\t<div class=\"iq-blog-cat\">\n\t\t\t\t\t\t\t\t\t\t\t\t\t\t\t\t\t\t\t\t\t<a class=\"iq-cat-name\" href=\"https:\/\/megavip.club\/es\/category\/health-care\/\">\n\t\t\t\t\t\t\t\t\t\t\t\tCuidado de la salud\t\t\t\t\t\t\t\t\t\t\t<\/a>\n\t\t\t\t\t\t\t\t\t\t\t\t\t\t\t\t\t\t\t<\/div>\n\t\t\t\t\t\t\t\t\n\t\t\t\t\t\t\t\t\t\t\t\t\t\t\t\t\t<div class=\"iq-blog-meta\">\n\t\t\t\t\t\t\t\t\t\t<ul class=\"list-inline\">\n\t\t\t\t\t\t\t\t\t\t\t<li class=\"list-inline-item\">\n\t\t\t\t\t\t\t\t\t\t\t\t<i class=\"fa fa-calendar me-2\" aria-hidden=\"true\"><\/i>\n\t\t\t\t\t\t\t\t\t\t\t\t<span class=\"screen-reader-text\">Posted on<\/span> <a href=\"https:\/\/megavip.club\/es\/2020\/10\/06\/\" rel=\"bookmark\"><time class=\"entry-date published updated\" datetime=\"2020-10-06T06:40:11-05:00\">06\/10\/2020<\/time><\/a>\t\t\t\t\t\t\t\t\t\t\t<\/li>\n\t\t\t\t\t\t\t\t\t\t\t<li class=\"list-inline-item\">\n\t\t\t\t\t\t\t\t\t\t\t\t<a href=\"https:\/\/megavip.club\/es\/author\/smartdigitalnygmail-com\/\" class=\"iq-user\">\n\t\t\t\t\t\t\t\t\t\t\t\t\t<i class=\"fas fa-user me-2\" aria-hidden=\"true\"><\/i>\n\t\t\t\t\t\t\t\t\t\t\t\t\tsmartdigitalny@gmail.com \t\t\t\t\t\t\t\t\t\t\t\t<\/a>\n\t\t\t\t\t\t\t\t\t\t\t<\/li>\n\t\t\t\t\t\t\t\t\t\t<\/ul>\n\t\t\t\t\t\t\t\t\t<\/div>\n\t\t\t\t\t\t\t\t\n\t\t\t\t\t\t\t\t<div class=\"blog-title\">\n\t\t\t\t\t\t\t\t\t<a class=\"button-link\" href=\"https:\/\/megavip.club\/es\/are-short-workouts-worth-it\/\">\n\t\t\t\t\t\t\t\t\t\t<h4 class=\"blog-text iq-heading-title\">\n\t\t\t\t\t\t\t\t\t\t\t\u00bfValen la pena los entrenamientos cortos?\t\t\t\t\t\t\t\t\t\t<\/h4>\n\t\t\t\t\t\t\t\t\t<\/a>\n\t\t\t\t\t\t\t\t<\/div>\n\t\t\t\t\t\t\t\t<p>Puede que te d\u00e9 un momento de alivio, pero tambi\u00e9n est\u00e1s esparciendo suciedad y bacterias hacia tus ojos cuando los frotas.<\/p>\n\t\t\t\t\t\t\t\t<div class=\"iq-btn-container\">\n\n    <a class=\"iq-button iq-btn-link yes btn-icon-right\" href=\"https:\/\/megavip.club\/es\/are-short-workouts-worth-it\/\"   >\n        Leer m\u00e1s<i aria-hidden=\"true\" class=\"ion ion-plus\"><\/i>\n                                    <\/a>\n<\/div>\n\n\t\t\t\t\t\t\t<\/div>\n\t\t\t\t\t\t<\/div>\n\t\t\t\t\t\t\t\t\t<\/div>\n\t\t\t\t\t<div class=\"col-lg-6 col-md-6\">\n\n\t\t\t\t\t\t\t\t\t\t\t<div class=\"iq-blog-box\">\n\t\t\t\t\t\t\t\t\t\t\t\t\t\t\t<div class=\"iq-blog-image\">\n\t\t\t\t\t\t\t\t\t<img decoding=\"async\" src=\"https:\/\/megavip.club\/wp-content\/uploads\/2020\/10\/B16-1.jpg\" alt=\"iqonic-blog\"\/>\t\t\t\t\t\t\t\t<\/div> \n\t\t\t\t\t\t\t<div class=\"iq-blog-detail\">\n\n\t\t\t\t\t\t\t\t\t\t\t\t\t\t\t\t\t<div class=\"iq-blog-cat\">\n\t\t\t\t\t\t\t\t\t\t\t\t\t\t\t\t\t\t\t\t\t<a class=\"iq-cat-name\" href=\"https:\/\/megavip.club\/es\/category\/eye-care\/\">\n\t\t\t\t\t\t\t\t\t\t\t\tCuidado de los ojos\t\t\t\t\t\t\t\t\t\t\t<\/a>\n\t\t\t\t\t\t\t\t\t\t\t\t\t\t\t\t\t\t\t<\/div>\n\t\t\t\t\t\t\t\t\n\t\t\t\t\t\t\t\t\t\t\t\t\t\t\t\t\t<div class=\"iq-blog-meta\">\n\t\t\t\t\t\t\t\t\t\t<ul class=\"list-inline\">\n\t\t\t\t\t\t\t\t\t\t\t<li class=\"list-inline-item\">\n\t\t\t\t\t\t\t\t\t\t\t\t<i class=\"fa fa-calendar me-2\" aria-hidden=\"true\"><\/i>\n\t\t\t\t\t\t\t\t\t\t\t\t<span class=\"screen-reader-text\">Posted on<\/span> <a href=\"https:\/\/megavip.club\/es\/2020\/10\/09\/\" rel=\"bookmark\"><time class=\"entry-date published updated\" datetime=\"2020-10-09T10:54:15-05:00\">09\/10\/2020<\/time><\/a>\t\t\t\t\t\t\t\t\t\t\t<\/li>\n\t\t\t\t\t\t\t\t\t\t\t<li class=\"list-inline-item\">\n\t\t\t\t\t\t\t\t\t\t\t\t<a href=\"https:\/\/megavip.club\/es\/author\/smartdigitalnygmail-com\/\" class=\"iq-user\">\n\t\t\t\t\t\t\t\t\t\t\t\t\t<i class=\"fas fa-user me-2\" aria-hidden=\"true\"><\/i>\n\t\t\t\t\t\t\t\t\t\t\t\t\tsmartdigitalny@gmail.com \t\t\t\t\t\t\t\t\t\t\t\t<\/a>\n\t\t\t\t\t\t\t\t\t\t\t<\/li>\n\t\t\t\t\t\t\t\t\t\t<\/ul>\n\t\t\t\t\t\t\t\t\t<\/div>\n\t\t\t\t\t\t\t\t\n\t\t\t\t\t\t\t\t<div class=\"blog-title\">\n\t\t\t\t\t\t\t\t\t<a class=\"button-link\" href=\"https:\/\/megavip.club\/es\/is-it-okay-to-cleanse-your-body-by-fasting-from-time-to-time\/\">\n\t\t\t\t\t\t\t\t\t\t<h4 class=\"blog-text iq-heading-title\">\n\t\t\t\t\t\t\t\t\t\t\t\u00bfEst\u00e1 bien limpiar el cuerpo ayunando de vez en cuando?\t\t\t\t\t\t\t\t\t\t<\/h4>\n\t\t\t\t\t\t\t\t\t<\/a>\n\t\t\t\t\t\t\t\t<\/div>\n\t\t\t\t\t\t\t\t<p>Puede que te d\u00e9 un momento de alivio, pero tambi\u00e9n est\u00e1s esparciendo suciedad y bacterias hacia tus ojos cuando los frotas.<\/p>\n\t\t\t\t\t\t\t\t<div class=\"iq-btn-container\">\n\n    <a class=\"iq-button iq-btn-link yes btn-icon-right\" href=\"https:\/\/megavip.club\/es\/is-it-okay-to-cleanse-your-body-by-fasting-from-time-to-time\/\"   >\n        Leer m\u00e1s<i aria-hidden=\"true\" class=\"ion ion-plus\"><\/i>\n                                    <\/a>\n<\/div>\n\n\t\t\t\t\t\t\t<\/div>\n\t\t\t\t\t\t<\/div>\n\t\t\t\t\t\t\t\t\t<\/div>\n\t<\/div><\/div>\n<ul class='page-numbers'>\n\t<li><span aria-label=\"P\u00e1gina 1\" aria-current=\"page\" class=\"page-numbers current\" data-no-translation-aria-label=\"\">1<\/span><\/li>\n\t<li><a aria-label=\"P\u00e1gina 2\" class=\"page-numbers\" href=\"https:\/\/megavip.club\/wp-json\/wp\/v2\/pages\/284\/\/page\/2\" data-no-translation-aria-label=\"\">2<\/a><\/li>\n\t<li><a aria-label=\"P\u00e1gina 3\" class=\"page-numbers\" href=\"https:\/\/megavip.club\/wp-json\/wp\/v2\/pages\/284\/\/page\/3\" data-no-translation-aria-label=\"\">3<\/a><\/li>\n\t<li><a class=\"next page-numbers\" href=\"https:\/\/megavip.club\/wp-json\/wp\/v2\/pages\/284\/\/page\/2\">Next page<\/a><\/li>\n<\/ul>\n\t\t\t\t<\/div>\n\t\t\t\t<\/div>\n\t\t\t\t\t<\/div>\n\t\t<\/div>\n\t\t\t\t\t<\/div>\n\t\t<\/div>\n\t\t\t\t<\/div>","protected":false},"excerpt":{"rendered":"<p>Eye Care Posted on October 6, 2020 goldenmace the most common problems? It may give you a moment of relief, but you&#8217;re also spreading dirt and bacteria into your eyes when you rub them. Read More Disease Posted on October 6, 2020 goldenmace Will I need more medical tests? It may give you a moment [&hellip;]<\/p>","protected":false},"author":1,"featured_media":0,"parent":0,"menu_order":0,"comment_status":"closed","ping_status":"closed","template":"","meta":{"_acf_changed":false,"footnotes":""},"class_list":["post-284","page","type-page","status-publish","hentry"],"acf":[],"_links":{"self":[{"href":"https:\/\/megavip.club\/es\/wp-json\/wp\/v2\/pages\/284","targetHints":{"allow":["GET"]}}],"collection":[{"href":"https:\/\/megavip.club\/es\/wp-json\/wp\/v2\/pages"}],"about":[{"href":"https:\/\/megavip.club\/es\/wp-json\/wp\/v2\/types\/page"}],"author":[{"embeddable":true,"href":"https:\/\/megavip.club\/es\/wp-json\/wp\/v2\/users\/1"}],"replies":[{"embeddable":true,"href":"https:\/\/megavip.club\/es\/wp-json\/wp\/v2\/comments?post=284"}],"version-history":[{"count":0,"href":"https:\/\/megavip.club\/es\/wp-json\/wp\/v2\/pages\/284\/revisions"}],"wp:attachment":[{"href":"https:\/\/megavip.club\/es\/wp-json\/wp\/v2\/media?parent=284"}],"curies":[{"name":"wp","href":"https:\/\/api.w.org\/{rel}","templated":true}]}}