{"id":1744,"date":"2020-10-21T08:27:27","date_gmt":"2020-10-21T08:27:27","guid":{"rendered":"http:\/\/wordpress.iqonic.design\/kivicare\/?page_id=1744"},"modified":"2020-10-21T08:27:27","modified_gmt":"2020-10-21T08:27:27","slug":"faq","status":"publish","type":"page","link":"https:\/\/megavip.club\/es\/faq\/","title":{"rendered":"Preguntas frecuentes"},"content":{"rendered":"<div data-elementor-type=\"wp-page\" data-elementor-id=\"1744\" class=\"elementor elementor-1744\">\n\t\t\t\t\t\t<div class=\"elementor-section elementor-top-section elementor-element elementor-element-1a58882 elementor-section-boxed elementor-section-height-default elementor-section-height-default\" data-id=\"1a58882\" data-element_type=\"section\">\n\t\t\t\t\t\t<div class=\"elementor-container elementor-column-gap-default\">\n\t\t\t\t\t<div class=\"elementor-column elementor-col-100 elementor-top-column elementor-element elementor-element-44aa2ccd layouts-column-align-inherit layouts-section-position-none\" data-id=\"44aa2ccd\" data-element_type=\"column\">\n\t\t\t<div class=\"elementor-widget-wrap elementor-element-populated\">\n\t\t\t\t\t\t<div class=\"hf-elementor-layout elementor-element elementor-element-61468f02 elementor-widget elementor-widget-section_title\" data-id=\"61468f02\" data-element_type=\"widget\" data-widget_type=\"section_title.default\">\n\t\t\t\t<div class=\"elementor-widget-container\">\n\t\t\t\t\t\t<div class=\"iq-title-box iq-befor-line\">\n\t\t<div class=\"iq-title-icon\">\n\t\t\t\t\t<\/div>\n\n\t\t<span class=\"iq-subtitle\">Preguntas frecuentes<\/span>\t\t<h2 class=\"iq-title iq-heading-title\">\n\t\t\t<span class=\"right-text\">Preguntas frecuentes<\/span>\n\t\t\t<span class=\"left-text\">Preguntas<\/span>\n\t\t<\/h2>\n\t\t\t<\/div>\n   \t\t\t\t<\/div>\n\t\t\t\t<\/div>\n\t\t\t\t<div class=\"hf-elementor-layout elementor-element elementor-element-a399fde elementor-absolute elementor-hidden-tablet elementor-hidden-phone elementor-widget__width-auto elementor-widget elementor-widget-Iq_scrolling_text\" data-id=\"a399fde\" data-element_type=\"widget\" data-settings=\"{&quot;_position&quot;:&quot;absolute&quot;}\" data-widget_type=\"Iq_scrolling_text.default\">\n\t\t\t\t<div class=\"elementor-widget-container\">\n\t\t\t\t\t\n<div class=\"scrolling-text\"  id=\"iq-text199316370369e388cd8832e\">\n\n    <div class=\"iq-test\">\n        Preguntas frecuentes    <\/div>\n\n<\/div>\n\t\t\t\t<\/div>\n\t\t\t\t<\/div>\n\t\t\t\t<div class=\"elementor-section elementor-inner-section elementor-element elementor-element-606f3561 elementor-section-boxed elementor-section-height-default elementor-section-height-default\" data-id=\"606f3561\" data-element_type=\"section\">\n\t\t\t\t\t\t<div class=\"elementor-container elementor-column-gap-default\">\n\t\t\t\t\t<div class=\"elementor-column elementor-col-100 elementor-inner-column elementor-element elementor-element-3c97a2e layouts-column-align-inherit layouts-section-position-none\" data-id=\"3c97a2e\" data-element_type=\"column\">\n\t\t\t<div class=\"elementor-widget-wrap elementor-element-populated\">\n\t\t\t\t\t\t<div class=\"hf-elementor-layout elementor-element elementor-element-67a6b52 elementor-widget elementor-widget-iqonic_accordion\" data-id=\"67a6b52\" data-element_type=\"widget\" data-widget_type=\"iqonic_accordion.default\">\n\t\t\t\t<div class=\"elementor-widget-container\">\n\t\t\t\t\t<div class=\"iq-accordion\">\n  \n    <div class=\"iq-accordion-block iq-active  1\">\n      <div class=\"iq-accordion-title\">\n        <div class=\"iq-icon-right\"><i aria-hidden=\"true\" class=\"ion ion-minus-round active\"><\/i><i aria-hidden=\"true\" class=\"ion ion-plus inactive\"><\/i><\/div>\n        <h5 class=\"mb-0 accordion-title iq-heading-title\">\n          \u00bfPuedo confiar en el agua del grifo?        <\/h5>\n      <\/div>\n      <div class=\"iq-accordion-details\">\n        <p class=\"iq-content-text\"> Existen muchas variaciones de pasajes de Lorem Ipsum, pero la mayor\u00eda ha sufrido alguna alteraci\u00f3n, ya sea por humor a\u00f1adido o palabras aleatorias que resultan poco cre\u00edbles. Si vas a usar un pasaje de Lorem Ipsum, aseg\u00farate de que no haya nada extra\u00f1o. <\/p>\n      <\/div>\n    <\/div>\n  \n    <div class=\"iq-accordion-block   2\">\n      <div class=\"iq-accordion-title\">\n        <div class=\"iq-icon-right\"><i aria-hidden=\"true\" class=\"ion ion-minus-round active\"><\/i><i aria-hidden=\"true\" class=\"ion ion-plus inactive\"><\/i><\/div>\n        <h5 class=\"mb-0 accordion-title iq-heading-title\">\n          \u00bfMi microondas me est\u00e1 causando c\u00e1ncer?         <\/h5>\n      <\/div>\n      <div class=\"iq-accordion-details\">\n        <p class=\"iq-content-text\"> Existen muchas variaciones de pasajes de Lorem Ipsum, pero la mayor\u00eda ha sufrido alguna alteraci\u00f3n, ya sea por humor a\u00f1adido o palabras aleatorias que resultan poco cre\u00edbles. Si vas a usar un pasaje de Lorem Ipsum, aseg\u00farate de que no haya nada extra\u00f1o. <\/p>\n      <\/div>\n    <\/div>\n  \n    <div class=\"iq-accordion-block   3\">\n      <div class=\"iq-accordion-title\">\n        <div class=\"iq-icon-right\"><i aria-hidden=\"true\" class=\"ion ion-minus-round active\"><\/i><i aria-hidden=\"true\" class=\"ion ion-plus inactive\"><\/i><\/div>\n        <h5 class=\"mb-0 accordion-title iq-heading-title\">\n          \u00bfDurante cu\u00e1nto tiempo soy contagioso cuando tengo gripe o un resfriado?        <\/h5>\n      <\/div>\n      <div class=\"iq-accordion-details\">\n        <p class=\"iq-content-text\"> Existen muchas variaciones de pasajes de Lorem Ipsum, pero la mayor\u00eda ha sufrido alguna alteraci\u00f3n, ya sea por humor a\u00f1adido o palabras aleatorias que resultan poco cre\u00edbles. Si vas a usar un pasaje de Lorem Ipsum, aseg\u00farate de que no haya nada extra\u00f1o. <\/p>\n      <\/div>\n    <\/div>\n  \n    <div class=\"iq-accordion-block   4\">\n      <div class=\"iq-accordion-title\">\n        <div class=\"iq-icon-right\"><i aria-hidden=\"true\" class=\"ion ion-minus-round active\"><\/i><i aria-hidden=\"true\" class=\"ion ion-plus inactive\"><\/i><\/div>\n        <h5 class=\"mb-0 accordion-title iq-heading-title\">\n          \u00bfC\u00f3mo reservar una cita?        <\/h5>\n      <\/div>\n      <div class=\"iq-accordion-details\">\n        <p class=\"iq-content-text\"> Existen muchas variaciones de pasajes de Lorem Ipsum, pero la mayor\u00eda ha sufrido alguna alteraci\u00f3n, ya sea por humor a\u00f1adido o palabras aleatorias que resultan poco cre\u00edbles. Si vas a usar un pasaje de Lorem Ipsum, aseg\u00farate de que no haya nada extra\u00f1o. <\/p>\n      <\/div>\n    <\/div>\n  \n    <div class=\"iq-accordion-block   5\">\n      <div class=\"iq-accordion-title\">\n        <div class=\"iq-icon-right\"><i aria-hidden=\"true\" class=\"ion ion-minus-round active\"><\/i><i aria-hidden=\"true\" class=\"ion ion-plus inactive\"><\/i><\/div>\n        <h5 class=\"mb-0 accordion-title iq-heading-title\">\n          \u00bfQu\u00e9 es la cirug\u00eda del coraz\u00f3n?        <\/h5>\n      <\/div>\n      <div class=\"iq-accordion-details\">\n        <p class=\"iq-content-text\"> Existen muchas variaciones de pasajes de Lorem Ipsum, pero la mayor\u00eda ha sufrido alguna alteraci\u00f3n, ya sea por humor a\u00f1adido o palabras aleatorias que resultan poco cre\u00edbles. Si vas a usar un pasaje de Lorem Ipsum, aseg\u00farate de que no haya nada extra\u00f1o. <\/p>\n      <\/div>\n    <\/div>\n  \n    <div class=\"iq-accordion-block   6\">\n      <div class=\"iq-accordion-title\">\n        <div class=\"iq-icon-right\"><i aria-hidden=\"true\" class=\"ion ion-minus-round active\"><\/i><i aria-hidden=\"true\" class=\"ion ion-plus inactive\"><\/i><\/div>\n        <h5 class=\"mb-0 accordion-title iq-heading-title\">\n          \u00bfQu\u00e9 es el tratamiento Lasik?        <\/h5>\n      <\/div>\n      <div class=\"iq-accordion-details\">\n        <p class=\"iq-content-text\"> Existen muchas variaciones de pasajes de Lorem Ipsum, pero la mayor\u00eda ha sufrido alguna alteraci\u00f3n, ya sea por humor a\u00f1adido o palabras aleatorias que resultan poco cre\u00edbles. Si vas a usar un pasaje de Lorem Ipsum, aseg\u00farate de que no haya nada extra\u00f1o. <\/p>\n      <\/div>\n    <\/div>\n  \n    <div class=\"iq-accordion-block   7\">\n      <div class=\"iq-accordion-title\">\n        <div class=\"iq-icon-right\"><i aria-hidden=\"true\" class=\"ion ion-minus-round active\"><\/i><i aria-hidden=\"true\" class=\"ion ion-plus inactive\"><\/i><\/div>\n        <h5 class=\"mb-0 accordion-title iq-heading-title\">\n          \u00bfQu\u00e9 son los cargos por cama?        <\/h5>\n      <\/div>\n      <div class=\"iq-accordion-details\">\n        <p class=\"iq-content-text\"> Existen muchas variaciones de pasajes de Lorem Ipsum, pero la mayor\u00eda ha sufrido alguna alteraci\u00f3n, ya sea por humor a\u00f1adido o palabras aleatorias que resultan poco cre\u00edbles. Si vas a usar un pasaje de Lorem Ipsum, aseg\u00farate de que no haya nada extra\u00f1o. <\/p>\n      <\/div>\n    <\/div>\n  \n    <div class=\"iq-accordion-block   8\">\n      <div class=\"iq-accordion-title\">\n        <div class=\"iq-icon-right\"><i aria-hidden=\"true\" class=\"ion ion-minus-round active\"><\/i><i aria-hidden=\"true\" class=\"ion ion-plus inactive\"><\/i><\/div>\n        <h5 class=\"mb-0 accordion-title iq-heading-title\">\n          \u00bfQu\u00e9 verduras comer?        <\/h5>\n      <\/div>\n      <div class=\"iq-accordion-details\">\n        <p class=\"iq-content-text\"> Existen muchas variaciones de pasajes de Lorem Ipsum, pero la mayor\u00eda ha sufrido alguna alteraci\u00f3n, ya sea por humor a\u00f1adido o palabras aleatorias que resultan poco cre\u00edbles. Si vas a usar un pasaje de Lorem Ipsum, aseg\u00farate de que no haya nada extra\u00f1o. <\/p>\n      <\/div>\n    <\/div>\n  <\/div>\n\t\t\t\t<\/div>\n\t\t\t\t<\/div>\n\t\t\t\t\t<\/div>\n\t\t<\/div>\n\t\t\t\t\t<\/div>\n\t\t<\/div>\n\t\t\t\t\t<\/div>\n\t\t<\/div>\n\t\t\t\t\t<\/div>\n\t\t<\/div>\n\t\t\t\t<\/div>","protected":false},"excerpt":{"rendered":"<p>FAQ Frequently Asked Questions FAQ Can I trust my tap water? There are many variations of passages of Lorem Ipsum available, but the majority have suffered alteration in some form, by injected humour, or randomised words which don\u2019t look even slightly believable. If you are going to use a passage of Lorem Ipsum, you need [&hellip;]<\/p>","protected":false},"author":1,"featured_media":0,"parent":0,"menu_order":0,"comment_status":"closed","ping_status":"closed","template":"","meta":{"_acf_changed":false,"footnotes":""},"class_list":["post-1744","page","type-page","status-publish","hentry"],"acf":[],"_links":{"self":[{"href":"https:\/\/megavip.club\/es\/wp-json\/wp\/v2\/pages\/1744","targetHints":{"allow":["GET"]}}],"collection":[{"href":"https:\/\/megavip.club\/es\/wp-json\/wp\/v2\/pages"}],"about":[{"href":"https:\/\/megavip.club\/es\/wp-json\/wp\/v2\/types\/page"}],"author":[{"embeddable":true,"href":"https:\/\/megavip.club\/es\/wp-json\/wp\/v2\/users\/1"}],"replies":[{"embeddable":true,"href":"https:\/\/megavip.club\/es\/wp-json\/wp\/v2\/comments?post=1744"}],"version-history":[{"count":0,"href":"https:\/\/megavip.club\/es\/wp-json\/wp\/v2\/pages\/1744\/revisions"}],"wp:attachment":[{"href":"https:\/\/megavip.club\/es\/wp-json\/wp\/v2\/media?parent=1744"}],"curies":[{"name":"wp","href":"https:\/\/api.w.org\/{rel}","templated":true}]}}